{"id":2860,"date":"2016-08-16T08:23:39","date_gmt":"2016-08-16T07:23:39","guid":{"rendered":"http:\/\/www.playmate-escort.com\/?page_id=2860"},"modified":"2023-09-21T15:18:58","modified_gmt":"2023-09-21T14:18:58","slug":"impressum","status":"publish","type":"page","link":"https:\/\/www.playmate-escort.com\/en\/impressum\/","title":{"rendered":"Impressum"},"content":{"rendered":"<p><strong>Impressum<\/strong><\/p>\n<p>Monica Toader<br \/>\nSteuernummer auf Anfrage<br \/>\nE-mail : contact@playmate-escort.com<br \/>\nPionierstra\u00dfe 62, 40215 D\u00fcsseldorf<\/p>\n<p>Kontakt : +49 (0) 17642572827  <\/p>\n<p>Bewertende Stelle &amp; Jugendschutzbeauftragter nach JMStV:<br \/>\nImmo W. Fietz c\/o JugendSchutzBeauftragte.Net<br \/>\nE-Mail: info@jugendschutzbeauftragte.net<br \/>\nhttp:\/\/www.jugendschutzbeauftragte.net<br \/>\nImmo W. Fietz<br \/>\nDipl.-Wirtschaftsjurist (FH), Betriebswirt<br \/>\nSchlepegrellstrasse 54<br \/>\n29223 Celle<\/p>\n<p><a href=\"https:\/\/www.playmate-escort.com\/wp-content\/uploads\/2016\/08\/18plus.png\"><img loading=\"lazy\" decoding=\"async\" class=\"alignnone size-full wp-image-2903\" src=\"https:\/\/www.playmate-escort.com\/wp-content\/uploads\/2016\/08\/18plus.png\" alt=\"18plus\" width=\"75\" height=\"75\" \/><\/a><\/p>\n<p><b>1. Verkn\u00fcpfungen zu Internetseiten andere Anbieter (Links)<\/b> Dieser Webauftritt enth\u00e4lt Verkn\u00fcpfungen zu Internetseiten andere Anbieter (\u201cexterne Links\u201d). Die Inhalte dieser Internetseiten stehen nicht unter der redaktionellen Kontrolle durch die Betreiber dieses Webauftritts. Aus diesem Grunde liegt die alleinige Haftung f\u00fcr die Inhalte bei den Betreibern des jeweiligen Internetauftritts. Gem\u00e4\u00df unserer Sorgfaltspflicht haben wir die Inhalte hinter den externen Links bei der erstmaligen Aufnahme auf offensichtliche Rechtsverst\u00f6\u00dfe \u00fcberpr\u00fcft. Da die Betreiber dieses Webauftritts weder derzeit noch in Zukunft eine Kontrolle bez\u00fcglich der inhaltlichen und der Darstellung dieser Inhalte hinter den externen Links haben, bedeutet deren Verwendung nicht, dass eine Identifikation mit deren Inhalten erfolgt oder wir uns diese zu eigen machen. Es ist uns nicht zumutbar, die externen Links kontinuierlich zu \u00fcberpr\u00fcfen; Dennoch werden wir diese sofort entfernen, sollten uns konkrete Hinweise auf eventuelle Rechtsverst\u00f6\u00dfe vorliegen.<\/p>\n<p><b>2. Urheberrecht<\/b> Die Inhalte, die wir Ihnen im Rahmen dieses Webauftritts anbieten, unterliegen vollst\u00e4ndig den deutschen gesetzlichen Regelungen bez\u00fcglich des Urheberrechts. Sie d\u00fcrfen diese Inhalte nur insoweit nutzen, soweit dies durch das deutsche Leistungsschutz- und Urheberrecht explizit gestattet wird. Jegliche weiterf\u00fchrende Verwendung erfordert die Erlaubnis des Betreibers des Internetauftritts oder des entsprechenden Rechteinhabers in schriftlicher Form. Dies trifft unter anderem auf die folgenden Arten der Nutzung zu, ist jedoch nicht auf diese begrenzt: Die Speicherung und elektronische Verarbeitung, die \u00dcbersetzung, das Anfertigen von Kopien, die Bearbeitung, die Speicherung in Datenbanken oder in anderen elektronischen Medien. Bitte beachten Sie, dass die Inhalte und die Rechte Dritter explizit als solche gekennzeichnet werden. Bedenken Sie, dass ohne vorab erfolgte ausdr\u00fcckliche schriftliche Genehmigung zur Vervielf\u00e4ltigung und\/oder Weitergabe der Inhalte, auch in Teilen, vorliegen, diese verboten und ein strafbares Verhalten darstellt. Gleiches gilt f\u00fcr die Einbettung unseres Webauftritts in die Internetseiten von Dritten mit Hilfe von Frames; Auch daf\u00fcr ist eine ausdr\u00fcckliche schriftliche Genehmigung durch den Betreiber dieses Internetauftritts unabdingbar.<\/p>\n<p><b>3. Bestimmungen zum Datenschutz<\/b> Schon der Zugriff auf unseren Internetauftritt kann dazu f\u00fchren, dass Daten bez\u00fcglich Ihres Zugriffs, wie der Zeitpunkt und die aufgerufenen Seiten, aufgezeichnet werden. Diese Daten werden ausschlie\u00dflich anonymisiert erfasst und lassen sich nicht zu Ihnen als Person zur\u00fcckverfolgen. Sie dienen in erster Linie statistischen Auswertungen und werden weder zur gesch\u00e4ftlichen noch zur nicht gesch\u00e4ftlichen Verwendung an Dritte weitergegeben. Dennoch liegt es uns am Herzen, Sie vorsorglich davon in Kenntnis zu setzen, dass jegliche Kommunikation \u00fcber das Internet, wie \u00fcber unverschl\u00fcsselte E-Mails, als unsicher zu betrachten ist, weil sie sich nicht mit umfassender Sicherheit vor dem Zugriff durch Dritte absichern l\u00e4sst. Die Verwendung unserer im Impressum genannten Kontaktdaten f\u00fcr Werbezwecke ist untersagt, au\u00dfer wir haben dieser Verwendung vorab schriftlich und wirksam zugestimmt. Eine Ausnahme gilt weiterhin, wenn bereits gesch\u00e4ftliche Kontakte zum Betreiber dieses Webauftritts bestehen. Auch alle anderen auf diesen Internetseiten genannten Personen widersprechen der Verwendung f\u00fcr Werbezwecke sowie der Weitergabe Ihrer Daten.<\/p>\n<p><b>4. Sonstige Nutzungsbedingungen<\/b> F\u00fcr einige Bereiche dieses Internetauftritts k\u00f6nnen besondere Bedingungen zutreffend sein, die wir auch als \u201eSonstige Nutzungsbedingungen\u201c bezeichnen. Diese k\u00f6nnen unter Umst\u00e4nden von den hier aufgef\u00fchrten Allgemeinen Nutzungsbedingungen abweichen. Sollte dies der Fall sein, so werden Sie an entsprechender Stelle auf diese hingewiesen. Bitte beachten Sie, dass in jedem Falle die Regelungen der \u201eSonstigen Nutzungsbedingungen\u201c Vorrang vor den Regelungen der Allgemeinen Nutzungsbedingungen haben.<\/p>\n<p><b>5. Der Einsatz von Analytics<\/b> Um Ihnen jederzeit optimierte Dienstleistungen zur Verf\u00fcgung stellen zu k\u00f6nnen, nutzen wir die Analyse von Google bez\u00fcglich der Zugriffe auf unseren Internetauftritt, was gemeinhin auch als \u201eGoogle Analytics\u201c bezeichnet wird. Dieser Dienst verwendet hierf\u00fcr kleine, auf Ihrem Rechner gespeicherte Textdateien, die auch Cookies genannt werden.. Dadurch erh\u00e4lt Google Analytics Informationen zu Ihrer pers\u00f6nlichen Nutzung unseres Internetauftritts, zu denen auch Ihre derzeitig IP-Adresse geh\u00f6rt. Diese Informationen werden auf Google-Servern gespeichert, die Ihren Standort in den USA haben, und dort ausgewertet. Diese Daten werden aggregiert verarbeitet und genutzt, um Auswertungen zur Nutzung unserer Website zur Verf\u00fcgung zu stellen. Des Weiteren erhalten wir von Google Berichte zu den Aktivit\u00e4tsmustern des durchschnittlichen Besuchers unseres Internetauftritts. Im Zuge dessen werden unter Umst\u00e4nden auch sonstige Dienstleistungen bez\u00fcglich der Nutzung des Internets bzw. bestimmter Websites erbracht. Sollten gesetzliche Anforderungen und\/oder Genehmigungen bestehen, so ist es Google eventuell erlaubt, diese Daten auch an Dritte zur Analyse weiterzureichen, sofern diese explizit von Google beauftragt werden. Ihre Daten werden niemals mit Ihrer IP-Adresse verkn\u00fcpft, auch keine anderen Daten, die den Dritten oder Google unter bestimmten Umst\u00e4nden zur Verf\u00fcgung stehen k\u00f6nnten. Ihr Browser erm\u00f6glicht es Ihnen mit bestimmten Einstellungen die Speicherung von Cookies auf Ihrem eigenen Rechner zu unterbinden. Dadurch k\u00f6nnen Sie ebenfalls die Gewinnung der genannten Informationen durch Google untersagen. Eventuell f\u00fchren diese Einstellungen jedoch dazu, dass Ihnen einige Bereiche und\/oder Funktionen dieses Webauftritts dann nicht mehr oder nicht mehr fehlerfrei zur Verf\u00fcgung stehen. Der Besuch dieses Internetauftritts beinhaltet gleichzeitig Ihre Zustimmung zur Erhebung und Verarbeitung der genannten Daten durch uns und Google. Diese Zustimmung gilt in vollem Umfang f\u00fcr alle genannten Zwecke.<\/p>\n<p><b>6. Die Einbettung sozialer Netzwerke und deren Plugins<\/b> Um die Nutzung dieses Internetauftritts f\u00fcr Sie noch angenehmer zu gestalten, verwenden wir zur Bereitstellung unserer Dienstleistungen auch verschiedene Plugin von sozialen Netzwerken. Dazu geh\u00f6ren unter anderem Twitter und Facebook. Wenn diese Plugins auf einer bestimmten Seite eingebettet sind, so erkennen Sie dies am Logo des entsprechenden Anbieters. Alle Nutzungsbedingungen und die zutreffenden Datenschutzrichtlinien finden Sie auf den Seiten der Anbieter der sozialen Netzwerke. Dort ist in der Regel auch die Funktionsweise des entsprechenden Plugins erkl\u00e4rt. Sollten Sie einen Zugang (Account) bei einem dieser sozialen Netzwerke besitzen und die Sammlung von Daten in Verbindung mit unserem Internetauftritt unterbinden wollen, so m\u00fcssen Sie sich nur bei dem entsprechenden sozialen Netzwerk abmelden. Die gleichen Nutzungsbedingungen und Erkl\u00e4rungen gelten auch f\u00fcr die entsprechenden, verwendeten Schaltfl\u00e4chen, wie \u201cFolgen\u201d, \u201cGef\u00e4llt mir\u201d, usw.<\/p>\n<p><b>Rechte an den Bildern<\/b> Alle Urheberrechte der auf diesem Internetauftritt gezeigten Bilder liegen bei Playmate Escort\u00a0\u00a9.<\/p>\n<p><b>Technische Zust\u00e4ndigkeit<\/b> Brennen Ihnen technische Anregungen oder Fragen unter den N\u00e4geln, so nehmen Sie bitte \u00fcber folgende Adresse Kontakt zu unserem Administrator auf: webmaster@playmate-escort.com<\/p>\n<p><b>Sonstige Anmerkungen und Bedingungen<\/b> Das auf unserer Website genannte Honorar setzt sich aus folgenden Komponenten zusammen: 65% erh\u00e4lt die Dame Ihrer Tr\u00e4ume und 35% werden f\u00fcr die Vermittlung f\u00e4llig. Brennen Ihnen inhaltliche Fragen, sowie Hinweise oder Anregungen bez\u00fcglich unserer Damen unter den N\u00e4geln, so kontaktieren Sie uns bitte \u00fcber folgende E-Mail-Adresse: contact@playmate-escort.com Alle auf diesem Webauftritt gezeigten Damen sind selbst\u00e4ndige Unternehmerinnen, die Ihre Dienste ausschlie\u00dflich auf eigene Rechnung und eigenst\u00e4ndig anbieten. Aus diesem Grunde m\u00fcssen Sie alle Details in Verbindung mit Ihrer Verabredung mit der Dame absprechen. Zus\u00e4tzlich m\u00f6chten wir Sie darauf aufmerksam machen, dass es sich hier um den Internetauftritt einer Begleitagentur handelt. Wenn im Voraus keine Anzahlung erfolgt ist, so wird die Provision, die unsere Agentur f\u00fcr die Vermittlung erh\u00e4lt, dankend von der entsprechenden Dame in unserem Auftrag entgegengenommen. Sollten Sie eine Rechnung ben\u00f6tigen, so k\u00f6nnen wir diese gerne \u00fcber unsere Provision f\u00fcr die Vermittlung in H\u00f6he von 35% ausstellen. Ihr kompetenter Partner daf\u00fcr ist die allgemeine Verwaltung von: Playmate Escort Service <b>Allgemeine Hinweise<\/b> Es ist m\u00f6glich, unsere Damen nach Ihren W\u00fcnschen auch als \u201eDuo\u201c zu buchen. Weiterhin stellen wir Ihnen gerne ein Angebot f\u00fcr Ihre Anl\u00e4sse und Feierlichkeiten mit bis zu 6 Escortdamen zusammen. All unsere Daten sind zu 100% real; Sie k\u00f6nnen also mit absoluter Sicherheit erwarten, dass Sie tats\u00e4chlich die Lady treffen, die auf den entsprechenden Bildern abgebildet ist. Beachten Sie unbedingt, dass wir nur seri\u00f6se und ernst gemeinte Anfragen beachten k\u00f6nnen! Die hochklassigen Damen k\u00f6nnen Sie nicht nur als Begleitung f\u00fcr Theater, Reisen, Ihren lang ersehnten Urlaub und vieles mehr buchen, sondern auch als erotische Begleitung und als Begleitung zum Shopping, f\u00fcr Musicals und alle gesch\u00e4ftlichen Anl\u00e4sse. Wir gehen im Gegenzug davon aus, dass unsere Damen durch Sie mit dem entsprechenden Respekt behandelt werden und Sie Ihnen Niveau und Vertrauen bieten. Bitte bedenken Sie, wenn Sie eine Dame nicht in deren Heimatstadt buchen, dass dadurch zus\u00e4tzliche Reisekosten gezahlt werden m\u00fcssen. Es versteht sich von selbst, dass Sie das vereinbarte Honorar am Beginn des Treffens in einem neutralen, nicht verschlossenen Briefumschlag diskret \u00fcberreichen.<\/p>\n<p><b>Stornierung einer Buchung<\/b> Da all unsere Damen in der Regel ausgebucht sind, m\u00fcssen wir Sie unbedingt bitten, Ihre vereinbarten Termine auch einzuhalten. Erfolgte vorab eine Anzahlung oder sind Bahnfahrkarten bzw. Fl\u00fcge bereits gebucht und\/oder bezahlt, so k\u00f6nnen wir Ihnen diese Kosten leider nicht erstatten, bzw. m\u00fcssen Ihnen diese in Rechnung stellen.<\/p>\n<p><b>Sonstige Hinweise und Bemerkungen<\/b> Alle Buchungsanfragen sollten Sie ausschlie\u00dfen an: Playmate Escort Service\u00a0richten. Weil die Nachfrage nach unseren Damen sehr hoch ist, sollten Sie in der Regel alle Treffen schon einige Tage zuvor vereinbaren. Nur so k\u00f6nnen wir sicherstellen, dass Ihre Wunschlady auch tats\u00e4chlich noch einen freien Termin f\u00fcr Sie hat. Dennoch k\u00f6nnen Sie uns auch gerne telefonisch kontaktieren, falls Sie einen kurzfristigeren Wunsch haben. Wir werden dann die Details mit Ihnen besprechen und unser M\u00f6glichstes tun, um Ihnen Ihren Traum vielleicht dennoch zu erf\u00fcllen. Sie erreichen uns an 365 Tagen im Jahr zwischen 10 Uhr morgens und 23 Uhr abends. Wir wissen, dass Ihnen Diskretion besonders wichtig ist, weswegen wir alle Buchungsanfragen und Buchung stets mit h\u00f6chster Sorgfalt handhaben. Bei uns werden keine Daten unsere Kunden gespeichert und auch keinerlei Informationen an Dritte weitergegeben.<\/p>\n<p><b>Gerne begleiten Sie unsere Damen auch ins Ausland. Beachten Sie bitte, dass in einem solchen Falle die Mindestbuchungsdauer einen ganzen Tag betr\u00e4gt.<\/b> <b>Diskretion<\/b> Diskretion ist eines unserer wichtigsten Gebote, um Sie als Person, aber auch unsere Damen bestm\u00f6glich zu sch\u00fctzen. Wir garantieren Ihnen eine 100%ige Vertraulichkeit und behandeln Ihre Daten entsprechend. Niemals geben wir Ihre Angaben an Dritte weiter. <a name=\"_GoBack\"><\/a>Wir w\u00fcrden uns w\u00fcnschen, dass Sie daf\u00fcr ebenfalls Niveau und Stil beweisen und so die wunderbare Zeit mit Ihrer wundersch\u00f6nen Begleitung ungest\u00f6rt genie\u00dfen k\u00f6nnen. Respekt und Vertrauen sind unabdingbare Voraussetzungen, um einen tollen Abend mit Ihrer Luxusbegleitung zu verbringen.<\/p>","protected":false},"excerpt":{"rendered":"<p>Impressum Monica Toader Steuernummer auf Anfrage E-mail : contact@playmate-escort.com Pionierstra\u00dfe 62, 40215 D\u00fcsseldorf Kontakt : +49 (0) 17642572827 Bewertende Stelle &amp; Jugendschutzbeauftragter nach JMStV: Immo W. Fietz c\/o JugendSchutzBeauftragte.Net E-Mail: info@jugendschutzbeauftragte.net http:\/\/www.jugendschutzbeauftragte.net Immo W. Fietz Dipl.-Wirtschaftsjurist (FH), Betriebswirt Schlepegrellstrasse 54 &hellip;<\/p>\n","protected":false},"author":1,"featured_media":0,"parent":0,"menu_order":0,"comment_status":"open","ping_status":"open","template":"","meta":{"footnotes":""},"class_list":["post-2860","page","type-page","status-publish","hentry"],"aioseo_notices":[],"_links":{"self":[{"href":"https:\/\/www.playmate-escort.com\/en\/wp-json\/wp\/v2\/pages\/2860","targetHints":{"allow":["GET"]}}],"collection":[{"href":"https:\/\/www.playmate-escort.com\/en\/wp-json\/wp\/v2\/pages"}],"about":[{"href":"https:\/\/www.playmate-escort.com\/en\/wp-json\/wp\/v2\/types\/page"}],"author":[{"embeddable":true,"href":"https:\/\/www.playmate-escort.com\/en\/wp-json\/wp\/v2\/users\/1"}],"replies":[{"embeddable":true,"href":"https:\/\/www.playmate-escort.com\/en\/wp-json\/wp\/v2\/comments?post=2860"}],"version-history":[{"count":27,"href":"https:\/\/www.playmate-escort.com\/en\/wp-json\/wp\/v2\/pages\/2860\/revisions"}],"predecessor-version":[{"id":3644,"href":"https:\/\/www.playmate-escort.com\/en\/wp-json\/wp\/v2\/pages\/2860\/revisions\/3644"}],"wp:attachment":[{"href":"https:\/\/www.playmate-escort.com\/en\/wp-json\/wp\/v2\/media?parent=2860"}],"curies":[{"name":"wp","href":"https:\/\/api.w.org\/{rel}","templated":true}]}}